{"id":113,"date":"2026-01-29T14:50:00","date_gmt":"2026-01-29T13:50:00","guid":{"rendered":"https:\/\/dorffestgruiten.de\/dfg\/?page_id=113"},"modified":"2026-04-27T11:24:23","modified_gmt":"2026-04-27T09:24:23","slug":"satzung","status":"publish","type":"page","link":"https:\/\/dorffestgruiten.de\/dfg\/satzung\/","title":{"rendered":"Satzung"},"content":{"rendered":"<p>[et_pb_section fb_built=&#8220;1&#8243; _builder_version=&#8220;4.27.5&#8243; _module_preset=&#8220;default&#8220; global_colors_info=&#8220;{}&#8220;][et_pb_row _builder_version=&#8220;4.27.5&#8243; _module_preset=&#8220;default&#8220; global_colors_info=&#8220;{}&#8220;][et_pb_column type=&#8220;4_4&#8243; _builder_version=&#8220;4.27.5&#8243; _module_preset=&#8220;default&#8220; global_colors_info=&#8220;{}&#8220;][et_pb_text _builder_version=&#8220;4.27.6&#8243; _module_preset=&#8220;default&#8220; hover_enabled=&#8220;0&#8243; global_colors_info=&#8220;{}&#8220; sticky_enabled=&#8220;0&#8243;]<\/p>\n<h2 style=\"text-align: center;\">Satzung des Vereins \u201eDorffestverein Gruiten&#8220;<\/h2>\n<p>&nbsp;<\/p>\n<h3>\u00a71 Name und Sitz<\/h3>\n<p>(1)\u00a0\u00a0\u00a0\u00a0\u00a0\u00a0\u00a0\u00a0\u00a0 Der Verein f\u00fchrt den Namen \u201eDorffestverein Gruiten&#8220;. Er soll in das Vereinsregister eingetragen werden und f\u00fchrt dann den Zusatz e.V.<\/p>\n<p>(2)\u00a0\u00a0\u00a0\u00a0\u00a0\u00a0\u00a0\u00a0\u00a0 Der Verein hat seinen Sitz in Haan (Rhld.).<\/p>\n<p>&nbsp;<\/p>\n<h3>\u00a72 Zweck des Vereins, Gemeinn\u00fctzigkeit<\/h3>\n<p>Zweck des Vereins ist die F\u00f6rderung der Heimatpflege, die F\u00f6rderung von Kunst und Kultur und die F\u00f6rderung des b\u00fcrgerschaftlichen Engagements in Haan, insbesondere im Ortsteil Gruiten.<\/p>\n<p>(1)\u00a0\u00a0\u00a0\u00a0\u00a0\u00a0\u00a0\u00a0\u00a0 F\u00f6rderung der Heimatpflege und Heimatkunde (\u00a7 52 Abs. 2 Nr. 22 AO):<\/p>\n<p>Das Dorffest in Gruiten ist eine traditionsreiche Veranstaltung, die ma\u00dfgeblich zur Pflege der \u00f6rtlichen Identit\u00e4t und des historischen Bewusstseins im Stadtteil Gruiten beitr\u00e4gt. Der Verein hat die Aufgabe \u00fcbernommen, diesen kulturellen Kern zu bewahren und weiterzuentwickeln. Durch die Einbindung lokaler Br\u00e4uche, die Pr\u00e4sentation der Ortsgeschichte und die F\u00f6rderung des d\u00f6rflichen Zusammenhalts leisten wir einen unmittelbaren Beitrag zur Heimatpflege. Das Fest dient als \u00f6ffentliche Plattform, auf der die Besonderheiten unseres Ortes f\u00fcr die Allgemeinheit erlebbar gemacht werden.<\/p>\n<p>(2)\u00a0\u00a0\u00a0\u00a0\u00a0\u00a0\u00a0\u00a0\u00a0 F\u00f6rderung von Kunst und Kultur (\u00a7 52 Abs. 2 Nr. 5 AO):<\/p>\n<p>Ein wesentlicher Bestandteil des Festes ist ein umfangreiches kulturelles Rahmenprogramm. Wir bieten lokalen Musikgruppen, Ch\u00f6ren, Tanzgruppen und K\u00fcnstlern eine B\u00fchne, um ihr Schaffen der breiten \u00d6ffentlichkeit zug\u00e4nglich zu machen. Damit f\u00f6rdern wir aktiv das kulturelle Leben in Haan und Gruiten. Die Auswahl der Beitr\u00e4ge erfolgt nach kulturellen Kriterien und dient der kulturellen Bildung und Unterhaltung der Bev\u00f6lkerung im Sinne der Abgabenordnung.<\/p>\n<p>(3)\u00a0\u00a0\u00a0\u00a0\u00a0\u00a0\u00a0\u00a0\u00a0 F\u00f6rderung des b\u00fcrgerschaftlichen Engagements (\u00a7 52 Abs. 2 Nr. 25 AO):<\/p>\n<p>Das Dorffest fungiert als zentrale Vernetzungsplattform f\u00fcr weitere lokal ans\u00e4ssige, teils selbst gemeinn\u00fctzige Vereine. Wir erm\u00f6glichen diesen Organisationen, sich und ihre ehrenamtliche Arbeit vorzustellen. Damit f\u00f6rdern wir das b\u00fcrgerschaftliche Engagement zugunsten gemeinn\u00fctziger, mildt\u00e4tiger und kirchlicher Zwecke im gesamten Stadtgebiet. Ohne die vom Verein bereitgestellte Infrastruktur (B\u00fchne, Technik, Sicherheit, Organisation) k\u00f6nnten viele dieser Vereine ihre wichtige Arbeit nicht in diesem \u00f6ffentlichen Rahmen pr\u00e4sentieren.<\/p>\n<p>(4)\u00a0\u00a0\u00a0\u00a0\u00a0\u00a0\u00a0\u00a0\u00a0 Der Verein ist politisch und konfessionell neutral.<\/p>\n<p>(5)\u00a0\u00a0\u00a0\u00a0\u00a0\u00a0\u00a0\u00a0\u00a0 Der Verein verfolgt ausschlie\u00dflich und unmittelbar gemeinn\u00fctzige Zwecke im Sinne des Abschnitts \u201eSteuerbeg\u00fcnstigte Zwecke\u201c der Abgabenordnung (\u00a7\u00a7 51 ff. AO).<\/p>\n<p>(6)\u00a0\u00a0\u00a0\u00a0\u00a0\u00a0\u00a0\u00a0\u00a0 Der Verein ist selbstlos t\u00e4tig; er verfolgt nicht in erster Linie eigenwirtschaftliche Zwecke.<\/p>\n<p>(7)\u00a0\u00a0\u00a0\u00a0\u00a0\u00a0\u00a0\u00a0\u00a0 Mittel des Vereins d\u00fcrfen nur f\u00fcr die satzungsm\u00e4\u00dfigen Zwecke verwendet werden. Die Mitglieder erhalten keine Zuwendungen aus den Mitteln des Vereins.<\/p>\n<p>(8)\u00a0\u00a0\u00a0\u00a0\u00a0\u00a0\u00a0\u00a0\u00a0 Es darf keine Person durch Ausgaben, die den Zwecken des Vereins fremd sind, oder durch unverh\u00e4ltnism\u00e4\u00dfig hohe Verg\u00fctungen beg\u00fcnstigt werden.<\/p>\n<p>&nbsp;<\/p>\n<h3>\u00a73 Erwerb der Mitgliedschaft<\/h3>\n<p>(1)\u00a0\u00a0\u00a0\u00a0\u00a0\u00a0\u00a0\u00a0\u00a0 Jede nat\u00fcrliche Person kann Mitglied des Vereins werden. Mitglied des Vereins k\u00f6nnen auch Vereine und Organisationen werden. Die Selbst\u00e4ndigkeit der Vereine \/ Organisationen bleibt durch den Beitritt unber\u00fchrt.<\/p>\n<p>(2)\u00a0\u00a0\u00a0\u00a0\u00a0\u00a0\u00a0\u00a0\u00a0 Zur Erlangung der Mitgliedschaft ist ein schriftlicher Aufnahmeantrag an den Vorstand zu senden. Der Vorstand entscheidet im freien Ermessen \u00fcber den Aufnahmeantrag und ist im Ablehnungsfalle zur Mitteilung \u00fcber die Gr\u00fcnde nicht verpflichtet. Es besteht kein Rechtsanspruch auf eine Mitgliedschaft.<\/p>\n<p>(3)\u00a0\u00a0\u00a0\u00a0\u00a0\u00a0\u00a0\u00a0\u00a0 Personen, die in au\u00dfergew\u00f6hnlichem Ma\u00dfe die Zwecke des Vereins gef\u00f6rdert haben, k\u00f6nnen durch Beschluss der Mitgliederversammlung zu Ehrenmitgliedern ernannt werden.<\/p>\n<p>&nbsp;<\/p>\n<h3>\u00a74 Rechte und Pflichten der Mitglieder<\/h3>\n<p>(1)\u00a0\u00a0\u00a0\u00a0\u00a0\u00a0\u00a0\u00a0\u00a0 Jedes Mitglied ist zur Einhaltung der Vereinssatzung und der weiteren Ordnungen des Vereins im Rahmen seiner T\u00e4tigkeit im Verein verpflichtet.<\/p>\n<p>(2)\u00a0\u00a0\u00a0\u00a0\u00a0\u00a0\u00a0\u00a0\u00a0 Die Mitglieder sind zur Entrichtung von Beitr\u00e4gen verpflichtet, deren H\u00f6he und F\u00e4lligkeit sich nach einer gesonderten Beitragssatzung richtet, die von der Mitgliederversammlung zu beschlie\u00dfen ist.<\/p>\n<p>(3)\u00a0\u00a0\u00a0\u00a0\u00a0\u00a0\u00a0\u00a0\u00a0 Ehrenmitglieder sind von der Verpflichtung zur Zahlung von Mitgliedsbeitr\u00e4gen befreit.<\/p>\n<p>(4) \u00a0\u00a0\u00a0\u00a0\u00a0\u00a0\u00a0\u00a0 Der Vorstand kann im Einzelfall Mitgliedsbeitr\u00e4ge ganz oder teilweise erlassen.<\/p>\n<p>&nbsp;<\/p>\n<h3>\u00a75 Beendigung der Mitgliedschaft<\/h3>\n<p>(1)\u00a0\u00a0\u00a0\u00a0\u00a0\u00a0\u00a0\u00a0\u00a0 Die Mitgliedschaft endet durch Austritt, Ausschluss oder Tod des Mitglieds.<\/p>\n<p>(2)\u00a0\u00a0\u00a0\u00a0\u00a0\u00a0\u00a0\u00a0\u00a0 Der Austritt aus dem Verein kann nur zum Jahresende mit einer Frist von 3 Monaten erfolgen. Der Austritt ist durch schriftliche Erkl\u00e4rung dem Vorstand anzuzeigen.<\/p>\n<p>(3)\u00a0\u00a0\u00a0\u00a0\u00a0\u00a0\u00a0\u00a0\u00a0 Der Vorstand kann durch Beschluss ein Mitglied beim Vorliegen wichtiger Gr\u00fcnde ausschlie\u00dfen. Diese liegen insbesondere vor<\/p>\n<ul>\n<li>bei groben Verst\u00f6\u00dfen gegen die aus der Satzung folgenden Verpflichtungen eines Mitgliedes, gegen Beschl\u00fcsse und Anordnungen der Vereinsorgane und \/oder gegen die Interessen des Vereins;<\/li>\n<li>bei grobem unehrenhaftem Verhalten;<\/li>\n<li>bei Zahlungsverzug und zweimaliger erfolgloser Mahnung.<\/li>\n<\/ul>\n<p>(4)\u00a0\u00a0\u00a0\u00a0\u00a0\u00a0\u00a0\u00a0\u00a0 Mitglieder, die aus dem Verein ausscheiden, haben keinen Anspruch auf Anteile aus dem Vereinsverm\u00f6gen. Weitere Anspr\u00fcche gegen den Verein m\u00fcssen binnen sechs Monaten nach Beendigung der Mitgliedschaft schriftlich geltend gemacht und begr\u00fcndet werden.<\/p>\n<p>&nbsp;<\/p>\n<h3>\u00a76 Organe des Vereins<\/h3>\n<p>(1)\u00a0\u00a0\u00a0\u00a0\u00a0\u00a0\u00a0\u00a0\u00a0 Organe des Vereins sind der Vorstand und die Mitgliederversammlung.<\/p>\n<p>(2)\u00a0\u00a0\u00a0\u00a0\u00a0\u00a0\u00a0\u00a0\u00a0 Die Mitgliederversammlung kann die Bildung weiterer Organe beschlie\u00dfen.<\/p>\n<p>(3)\u00a0\u00a0\u00a0\u00a0\u00a0\u00a0\u00a0\u00a0\u00a0 Zur Erledigung wichtiger Aufgaben kann der Vorstand Ad-hoc-Kommissionen einrichten, die bis zur Erledigung der Aufgaben t\u00e4tig sind.<\/p>\n<p>&nbsp;<\/p>\n<h3>\u00a77 Der Vorstand<\/h3>\n<p>(1)\u00a0\u00a0\u00a0\u00a0\u00a0\u00a0\u00a0\u00a0\u00a0 Der Vorstand besteht (a) aus der\/dem 1. Vorsitzenden, (b) der\/dem 2. Vorsitzenden, (c) der Schatzmeisterin\/dem Schatzmeister und (d) der Schriftf\u00fchrerin\/dem Schriftf\u00fchrer.<\/p>\n<p>(2)\u00a0\u00a0\u00a0\u00a0\u00a0\u00a0\u00a0\u00a0\u00a0 Der Verein wird gerichtlich und au\u00dfergerichtlich durch die 1. Vorsitzende\/den 1. Vorsitzenden und ein weiteres Mitglied des Vorstandes vertreten.<\/p>\n<p>(3)\u00a0\u00a0\u00a0\u00a0\u00a0\u00a0\u00a0\u00a0\u00a0 Der Vorstand f\u00fchrt die Gesch\u00e4fte des Vereins. Insbesondere hat er folgende Aufgaben:<\/p>\n<ul>\n<li>Vorbereitung und Einberufung der Mitgliederversammlung;<\/li>\n<li>Ausf\u00fchrung der Beschl\u00fcsse der Mitgliederversammlung;<\/li>\n<li>Erstellung des Haushaltes des Vereins, der Buchf\u00fchrung und des Jahresabschlusses;<\/li>\n<li>Beschlussfassung \u00fcber die Aufnahme neuer Mitglieder nach \u00a7 3 Abs. 2 und den Ausschluss von Mitgliedern nach \u00a7 5 Abs. 3;<\/li>\n<li>Verwaltung und satzungsgem\u00e4\u00dfe Verwendung des Vereinsverm\u00f6gens;<\/li>\n<\/ul>\n<p>(4)\u00a0\u00a0\u00a0\u00a0\u00a0\u00a0\u00a0\u00a0\u00a0 Die Vereinigung mehrerer Vorstands\u00e4mter in einer Person ist unzul\u00e4ssig.<\/p>\n<p>&nbsp;<\/p>\n<h3>\u00a78 Amtsdauer des Vorstands<\/h3>\n<p>(1)\u00a0\u00a0\u00a0\u00a0\u00a0\u00a0\u00a0\u00a0\u00a0 Der Vorstand wird von der Mitgliederversammlung auf die Dauer von drei Jahren, vom Tage der Wahl an gerechnet, gew\u00e4hlt. Er bleibt jedoch bis zur Neuwahl des Vorstandes kommissarisch im Amt.<\/p>\n<p>(2)\u00a0\u00a0\u00a0\u00a0\u00a0\u00a0\u00a0\u00a0\u00a0 Scheidet ein Mitglied des Vorstandes w\u00e4hrend der Amtsperiode aus, so bestimmt der Vorstand kommissarisch ein Ersatzmitglied (aus den Reihen der Vereinsmitglieder) f\u00fcr die restliche Amtsdauer des Ausgeschiedenen.<\/p>\n<p>&nbsp;<\/p>\n<h3>\u00a79 Beschlussfassung des Vorstands<\/h3>\n<p>(1)\u00a0\u00a0\u00a0\u00a0\u00a0\u00a0\u00a0\u00a0\u00a0 Der Vorstand fasst seine Beschl\u00fcsse im Allgemeinen in Vorstandssitzungen, die vom 1. Vorsitzenden oder vom 2. Vorsitzenden schriftlich oder in Textform unter Mitteilung der Tagesordnung mit einer Frist von sieben Tagen einberufen werden. In dringenden F\u00e4llen kann die Ladungsfrist unter Angabe des Grundes auf bis zu drei Tage verk\u00fcrzt werden. Der Vorstand ist beschlussf\u00e4hig, wenn mindestens zwei Vorstandsmitglieder, darunter der 1. Vorsitzende oder der 2. Vorsitzende, anwesend sind. Bei der Beschlussfassung entscheidet die Mehrheit der abgegebenen g\u00fcltigen Stimmen. Bei Stimmengleichheit entscheidet die Stimme des Leiters der Vorstandssitzung.<\/p>\n<p>(2)\u00a0\u00a0\u00a0\u00a0\u00a0\u00a0\u00a0\u00a0\u00a0 Die Vorstandssitzung leitet der 1. Vorsitzende, bei dessen Abwesenheit der 2. Vorsitzende. Die Beschl\u00fcsse des Vorstands sind zu Beweiszwecken zu protokollieren und vom Sitzungsleiter zu unterschreiben.<\/p>\n<p>(3)\u00a0\u00a0\u00a0\u00a0\u00a0\u00a0\u00a0\u00a0\u00a0 Ein Vorstandsbeschluss kann auf schriftlichem Wege, in Textform oder fernm\u00fcndlich gefasst werden, wenn alle Vorstandsmitglieder ihre Zustimmung zu der zu beschlie\u00dfenden Regelung erkl\u00e4ren.<\/p>\n<p>&nbsp;<\/p>\n<h3>\u00a710 Die Mitgliederversammlung<\/h3>\n<p>(1)\u00a0\u00a0\u00a0\u00a0\u00a0\u00a0\u00a0\u00a0\u00a0 Die Mitgliederversammlung ist das h\u00f6chste Vereinsorgan. Ihr obliegt insbesondere:<\/p>\n<ul>\n<li>die Entgegennahme des Jahresberichtes des Vorstandes;<\/li>\n<li>die Entlastung des Vorstandes;<\/li>\n<li>die Genehmigung des Haushaltes;<\/li>\n<li>die Entgegennahme und Genehmigung des Berichtes des Kassenpr\u00fcfers;<\/li>\n<li>die Festsetzung der Mitgliedsbeitr\u00e4ge;<\/li>\n<li>die Wahl und Abberufung der Mitglieder des Vorstandes;<\/li>\n<li>die Wahl der Kassenpr\u00fcfer;<\/li>\n<li>die Beschlussfassung \u00fcber Satzungs\u00e4nderungen;<\/li>\n<li>Beschlussfassung \u00fcber die Ernennung von Ehrenmitgliedern;<\/li>\n<li>die Beschlussfassung \u00fcber die Aufl\u00f6sung des Vereins.<\/li>\n<\/ul>\n<p>(2)\u00a0\u00a0\u00a0\u00a0\u00a0\u00a0\u00a0\u00a0\u00a0 Die Mitgliederversammlung findet j\u00e4hrlich statt.<\/p>\n<p>(3)\u00a0\u00a0\u00a0\u00a0\u00a0\u00a0\u00a0\u00a0\u00a0 Die Mitgliederversammlung wird vom Vorstand mit einer Frist von vier Wochen durch schriftliche Einladung mit Bekanntgabe der Tagesordnung einberufen. Die Einladung erfolgt durch Schreiben oder E-Mail an alle Mitglieder.<\/p>\n<p>(4)\u00a0\u00a0\u00a0\u00a0\u00a0\u00a0\u00a0\u00a0\u00a0 Eine au\u00dferordentliche Mitgliederversammlung ist einzuberufen, wenn dies 10 Prozent der Mitglieder verlangen. Das Verlangen ist schriftlich unter Angabe der Gr\u00fcnde an den Vorstand zu richten. Eine au\u00dferordentliche Mitgliederversammlung kann jederzeit einberufen werden, wenn dies im Interesse des Vereins liegt. F\u00fcr die Einberufung kann die Frist nach Absatz 3 auf zwei Wochen verk\u00fcrzt werden.<\/p>\n<p>(5)\u00a0\u00a0\u00a0\u00a0\u00a0\u00a0\u00a0\u00a0\u00a0 Jedes Mitglied kann Antr\u00e4ge an die Mitgliederversammlung richten. Diese m\u00fcssen schriftlich bis zu 14 Tage vor der Versammlung dem Vorstand zugegangen sein. \u00dcber die Zulassung der Antr\u00e4ge entscheidet die Mitgliederversammlung.<\/p>\n<p>(6)\u00a0\u00a0\u00a0\u00a0\u00a0\u00a0\u00a0\u00a0\u00a0 Die\/der 1. Vorsitzende leitet die Mitgliederversammlung, bei dessen Verhinderung die\/der 2. Vorsitzende. Ist auch dieser verhindert, so bestimmt die Mitgliederversammlung eine Versammlungsleiterin\/einen Versammlungsleiter mit einfacher Mehrheit der Stimmen.<\/p>\n<p>(7)\u00a0\u00a0\u00a0\u00a0\u00a0\u00a0\u00a0\u00a0\u00a0 Die Beschl\u00fcsse werden mit einfacher Mehrheit gefasst. Zur Satzungs\u00e4nderung ist die Mehrheit von 2\/3 der erschienenen Mitglieder erforderlich; zur Aufl\u00f6sung des Vereins ist die Mehrheit von 3\/4 der erschienenen Mitglieder erforderlich. Die Versammlung ist ohne R\u00fccksicht auf die Anzahl der erschienenen Mitglieder beschlussf\u00e4hig.<\/p>\n<p>(8)\u00a0\u00a0\u00a0\u00a0\u00a0\u00a0\u00a0\u00a0\u00a0 \u00dcber Mitgliederversammlungen ist ein Protokoll aufzunehmen, das von der Versammlungsleiterin\/dem Versammlungsleiter und der Schriftf\u00fchrerin\/dem Schriftf\u00fchrer zu unterzeichnen ist.<\/p>\n<p>&nbsp;<\/p>\n<h3>\u00a711 Gesch\u00e4ftsjahr, Kassenpr\u00fcfung<\/h3>\n<p>(1)\u00a0\u00a0\u00a0\u00a0\u00a0\u00a0\u00a0\u00a0\u00a0 Das Gesch\u00e4ftsjahr des Vereins ist das Kalenderjahr.<\/p>\n<p>(2)\u00a0\u00a0\u00a0\u00a0\u00a0\u00a0\u00a0\u00a0\u00a0 Die Mitgliederversammlung w\u00e4hlt f\u00fcr die Amtsdauer von zwei Jahren zwei Kassenpr\u00fcfer, die nicht Mitglied des Vorstandes sein d\u00fcrfen.<\/p>\n<p>(3)\u00a0\u00a0\u00a0\u00a0\u00a0\u00a0\u00a0\u00a0\u00a0 Die Kassenpr\u00fcfer pr\u00fcfen die Kasse des Vereins sowie die B\u00fccher und Belege einmal j\u00e4hrlich sachlich und rechnerisch und erstatten dem Vorstand Bericht. Die Kassenpr\u00fcfer erstatten der Mitgliederversammlung Bericht und beantragen bei ordnungsgem\u00e4\u00dfer Pr\u00fcfung die Entlastung des Schatzmeisters und des Vorstandes.<\/p>\n<p>&nbsp;<\/p>\n<h3>\u00a712 Aufl\u00f6sung des Vereins<\/h3>\n<p>(1)\u00a0\u00a0\u00a0\u00a0\u00a0\u00a0\u00a0\u00a0\u00a0 Die Aufl\u00f6sung des Vereins kann nur eine eigens zu diesem Zweck einberufene Mitgliederver\u00adsammlung mit 3\/4 Mehrheit der abgegebenen Stimmen beschlie\u00dfen.<\/p>\n<p>(2)\u00a0\u00a0\u00a0\u00a0\u00a0\u00a0\u00a0\u00a0\u00a0 Bei Aufl\u00f6sung oder Aufhebung des Vereins oder bei Wegfall steuerbeg\u00fcnstigter Zwecke f\u00e4llt das Verm\u00f6gen des Vereins an den B\u00fcrger- und Verkehrs-Verein Gruiten e.V., der es unmittelbar und ausschlie\u00dflich f\u00fcr gemeinn\u00fctzige Zwecke im Sinne dieser Satzung &#8211; insbesondere zur F\u00f6rderung kultureller Dorfveranstaltungen &#8211; zu verwenden hat.<\/p>\n<p>&nbsp;<\/p>\n<p>&nbsp;<\/p>\n<p>[\/et_pb_text][\/et_pb_column][\/et_pb_row][\/et_pb_section]<\/p>\n","protected":false},"excerpt":{"rendered":"<p>Satzung des Vereins \u201eDorffestverein Gruiten&#8220; &nbsp; \u00a71 Name und Sitz (1)\u00a0\u00a0\u00a0\u00a0\u00a0\u00a0\u00a0\u00a0\u00a0 Der Verein f\u00fchrt den Namen \u201eDorffestverein Gruiten&#8220;. Er soll in das Vereinsregister eingetragen werden und f\u00fchrt dann den Zusatz e.V. (2)\u00a0\u00a0\u00a0\u00a0\u00a0\u00a0\u00a0\u00a0\u00a0 Der Verein hat seinen Sitz in Haan (Rhld.). &nbsp; \u00a72 Zweck des Vereins, Gemeinn\u00fctzigkeit Zweck des Vereins ist die F\u00f6rderung der Heimatpflege, die [&hellip;]<\/p>\n","protected":false},"author":1,"featured_media":0,"parent":0,"menu_order":0,"comment_status":"closed","ping_status":"closed","template":"","meta":{"_et_pb_use_builder":"on","_et_pb_old_content":"","_et_gb_content_width":"","footnotes":""},"class_list":["post-113","page","type-page","status-publish","hentry"],"_links":{"self":[{"href":"https:\/\/dorffestgruiten.de\/dfg\/wp-json\/wp\/v2\/pages\/113","targetHints":{"allow":["GET"]}}],"collection":[{"href":"https:\/\/dorffestgruiten.de\/dfg\/wp-json\/wp\/v2\/pages"}],"about":[{"href":"https:\/\/dorffestgruiten.de\/dfg\/wp-json\/wp\/v2\/types\/page"}],"author":[{"embeddable":true,"href":"https:\/\/dorffestgruiten.de\/dfg\/wp-json\/wp\/v2\/users\/1"}],"replies":[{"embeddable":true,"href":"https:\/\/dorffestgruiten.de\/dfg\/wp-json\/wp\/v2\/comments?post=113"}],"version-history":[{"count":5,"href":"https:\/\/dorffestgruiten.de\/dfg\/wp-json\/wp\/v2\/pages\/113\/revisions"}],"predecessor-version":[{"id":235,"href":"https:\/\/dorffestgruiten.de\/dfg\/wp-json\/wp\/v2\/pages\/113\/revisions\/235"}],"wp:attachment":[{"href":"https:\/\/dorffestgruiten.de\/dfg\/wp-json\/wp\/v2\/media?parent=113"}],"curies":[{"name":"wp","href":"https:\/\/api.w.org\/{rel}","templated":true}]}}